{"id":9,"date":"2026-01-25T15:54:55","date_gmt":"2026-01-25T15:54:55","guid":{"rendered":"https:\/\/davidvan.ca\/practice-area\/"},"modified":"2026-02-17T04:20:53","modified_gmt":"2026-02-17T04:20:53","slug":"services","status":"publish","type":"page","link":"https:\/\/davidvan.ca\/fr\/services\/","title":{"rendered":"Nos Services"},"content":{"rendered":"<div class=\"wp-block-uagb-container uagb-block-4458f786 alignfull uagb-is-root-container\"><div class=\"uagb-container-inner-blocks-wrap\">\n<div class=\"wp-block-uagb-advanced-heading uagb-block-5e509682\"><h1 class=\"uagb-heading-text\">Conseils strat\u00e9giques adapt\u00e9s \u00e0 vos besoins<\/h1><\/div>\n<\/div><\/div>\n\n\n\n<div class=\"wp-block-uagb-container uagb-layout-grid uagb-block-100c4293 alignfull uagb-is-root-container\"><div class=\"uagb-container-inner-blocks-wrap\">\n<div class=\"wp-block-uagb-advanced-heading uagb-block-09b917d6\"><h3 class=\"uagb-heading-text\">STRAT\u00c9GIE D'INVESTISSEMENT IMMOBILIER<\/h3><\/div>\n\n\n\n<div class=\"wp-block-uagb-container uagb-block-623eb929\">\n<div class=\"wp-block-uagb-advanced-heading uagb-block-5c36e592\"><p class=\"uagb-desc-text\">La plupart ont une mauvaise compr\u00e9hension du concept d'ind\u00e9pendance financi\u00e8re et de retraite anticip\u00e9e (FIRE), croyant qu'il faut accumuler un portefeuille de plus de 100 unit\u00e9s locatives pour y parvenir.<br><br>Vous n'avez r\u00e9ellement besoin que de 2 ou 3 achats bien conseill\u00e9s pour acc\u00e9l\u00e9rer votre retraite de 65 \u00e0 50 ans. J'ai pu atteindre le FIRE \u00e0 l'\u00e2ge de 35 ans avec seulement 6 propri\u00e9t\u00e9s locatives.<br><br>C'est le pouvoir d'un bon conseil.<br><br><a href=\"mailto:david.van@groupeorbis.com\" title=\"\">Cliquez ici pour r\u00e9server un appel de consultation de 45 minutes \u00e0 245 $.<\/a><br><\/p><\/div>\n<\/div>\n\n\n\n<hr class=\"wp-block-separator has-text-color has-alpha-channel-opacity has-background is-style-wide\" style=\"background-color:#e3e3e3;color:#e3e3e3\"\/>\n\n\n\n<hr class=\"wp-block-separator has-text-color has-alpha-channel-opacity has-background is-style-wide\" style=\"background-color:#e3e3e3;color:#e3e3e3\"\/>\n\n\n\n<div class=\"wp-block-uagb-advanced-heading uagb-block-e581d74e\"><h3 class=\"uagb-heading-text\">SOLUTIONS DE FINANCEMENT HYPOTH\u00c9CAIRE<\/h3><\/div>\n\n\n\n<p>Il n'y a PAS UNE banque qui est meilleure qu'une AUTRE. Chaque institution financi\u00e8re a ses propres avantages et sp\u00e9cialit\u00e9s. Certaines offrent de meilleures conditions pour les m\u00e9decins et dentistes, d'autres offrent de meilleures conditions pour les travailleurs autonomes. Certaines acceptent les soci\u00e9t\u00e9s de portefeuille, d'autres acceptent les nouveaux immigrants.<br><br>Ayant acc\u00e8s \u00e0 plus de 40 pr\u00eateurs, je sais o\u00f9 obtenir le meilleur taux et les meilleures conditions pour votre situation sp\u00e9cifique.<br><br><a href=\"https:\/\/mtgapp.scarlettnetwork.com\/David-Van\/home\" target=\"_blank\" rel=\"noreferrer noopener\">Cliquez ici pour commencer votre pr\u00e9-approbation hypoth\u00e9caire gratuite en ligne maintenant.<\/a><\/p>\n\n\n\n<hr class=\"wp-block-separator has-text-color has-alpha-channel-opacity has-background is-style-wide\" style=\"background-color:#e3e3e3;color:#e3e3e3\"\/>\n\n\n\n<hr class=\"wp-block-separator has-text-color has-alpha-channel-opacity has-background is-style-wide\" style=\"background-color:#e3e3e3;color:#e3e3e3\"\/>\n\n\n\n<div class=\"wp-block-uagb-advanced-heading uagb-block-7abae6c9\"><h3 class=\"uagb-heading-text\">RENOUVELLEMENT ET REFINANCEMENT<\/h3><\/div>\n\n\n\n<p>L'hypoth\u00e8que immobili\u00e8re sera toujours la forme de dette la moins ch\u00e8re \u00e0 laquelle un individu a acc\u00e8s. Il est donc tout \u00e0 fait logique d'y avoir recours pour diff\u00e9rentes raisons : consolidation de dettes, r\u00e9novations, investissement immobilier, ou simplement pour maintenir un mode de vie durable.<br><br><a href=\"https:\/\/mtgapp.scarlettnetwork.com\/David-Van\/home\" target=\"_blank\" rel=\"noreferrer noopener\"><\/a><a href=\"https:\/\/mtgapp.scarlettnetwork.com\/David-Van\/home\" target=\"_blank\" rel=\"noreferrer noopener\">Cliquez ici pour commencer votre demande hypoth\u00e9caire gratuite en ligne maintenant.<\/a><\/p>\n\n\n\n<hr class=\"wp-block-separator has-text-color has-alpha-channel-opacity has-background is-style-wide\" style=\"background-color:#e3e3e3;color:#e3e3e3\"\/>\n\n\n\n<hr class=\"wp-block-separator has-text-color has-alpha-channel-opacity has-background is-style-wide\" style=\"background-color:#e3e3e3;color:#e3e3e3\"\/>\n\n\n\n<div class=\"wp-block-uagb-advanced-heading uagb-block-fbe4b682\"><h3 class=\"uagb-heading-text\">PR\u00caTS COMMERCIAUX<\/h3><\/div>\n\n\n\n<p>Depuis 2018, notre entreprise a conclu plus de 30 transactions immobili\u00e8res, \u00e0 un rythme moyen d'une nouvelle transaction tous les 2,5 mois. Nous nous sp\u00e9cialisons dans l'habitation r\u00e9sidentielle multifamiliale, en utilisant les programmes de financement conventionnel, de la SCHL et le plus r\u00e9cent programme APH S\u00e9lect.<br><br><a href=\"https:\/\/mtgapp.scarlettnetwork.com\/David-Van\/home\" target=\"_blank\" rel=\"noreferrer noopener\"><\/a><a href=\"mailto:david.van@groupeorbis.com\" title=\"\">Pour optimiser et d\u00e9velopper votre entreprise, veuillez r\u00e9server un appel de consultation.<\/a><\/p>\n\n\n\n<hr class=\"wp-block-separator has-text-color has-alpha-channel-opacity has-background is-style-wide\" style=\"background-color:#e3e3e3;color:#e3e3e3\"\/>\n\n\n\n<hr class=\"wp-block-separator has-text-color has-alpha-channel-opacity has-background is-style-wide\" style=\"background-color:#e3e3e3;color:#e3e3e3\"\/>\n\n\n\n<div class=\"wp-block-uagb-advanced-heading uagb-block-2083e4b6\"><h3 class=\"uagb-heading-text\">CAPITAL-INVESTISSEMENT IMMOBILIER<\/h3><\/div>\n\n\n\n<p>L'investissement immobilier n'est pas passif. Vous devez faire votre diligence raisonnable, vous connecter avec les bons partenaires, g\u00e9rer la propri\u00e9t\u00e9, g\u00e9rer les locataires et att\u00e9nuer plusieurs facteurs de risque.<br><br>Investir en tant que commanditaire dans une soci\u00e9t\u00e9 de capital-investissement immobilier serait ce qui se rapproche le plus d'un investissement immobilier v\u00e9ritablement passif.<br><br>Notre soci\u00e9t\u00e9 Princeton Perle Investments a aid\u00e9 plus d'une douzaine de familles \u00e0 cr\u00e9er une richesse multig\u00e9n\u00e9rationnelle.<br><br><a href=\"https:\/\/mtgapp.scarlettnetwork.com\/David-Van\/home\" target=\"_blank\" rel=\"noreferrer noopener\"><\/a><a href=\"https:\/\/princetonperle.ca\/\" target=\"_blank\" rel=\"noopener\" title=\"\">Visitez-nous sur princetonperle.ca pour plus de d\u00e9tails.<\/a><\/p>\n<\/div><\/div>","protected":false},"excerpt":{"rendered":"<p>Financing solutions tailored to your needs REAL ESTATE INVESTING STRATEGY Most have a misunderstanding of the Financial Independence Retire Early (FIRE) concept, believing one needs to accumulate a portfolio of 100+ rental units to achieve it. You really only need 2 or 3 well-advised purchases to accelerate your retirement from 65 to 50 years old. [&hellip;]<\/p>\n","protected":false},"author":1,"featured_media":0,"parent":0,"menu_order":0,"comment_status":"closed","ping_status":"closed","template":"","meta":{"_uag_custom_page_level_css":"","site-sidebar-layout":"no-sidebar","site-content-layout":"plain-container","ast-site-content-layout":"normal-width-container","site-content-style":"unboxed","site-sidebar-style":"unboxed","ast-global-header-display":"","ast-banner-title-visibility":"","ast-main-header-display":"","ast-hfb-above-header-display":"","ast-hfb-below-header-display":"","ast-hfb-mobile-header-display":"","site-post-title":"disabled","ast-breadcrumbs-content":"","ast-featured-img":"disabled","footer-sml-layout":"","ast-disable-related-posts":"","theme-transparent-header-meta":"enabled","adv-header-id-meta":"","stick-header-meta":"","header-above-stick-meta":"","header-main-stick-meta":"","header-below-stick-meta":"","astra-migrate-meta-layouts":"set","ast-page-background-enabled":"default","ast-page-background-meta":{"desktop":{"background-color":"var(--ast-global-color-4)","background-image":"","background-repeat":"repeat","background-position":"center center","background-size":"auto","background-attachment":"scroll","background-type":"","background-media":"","overlay-type":"","overlay-color":"","overlay-opacity":"","overlay-gradient":""},"tablet":{"background-color":"","background-image":"","background-repeat":"repeat","background-position":"center center","background-size":"auto","background-attachment":"scroll","background-type":"","background-media":"","overlay-type":"","overlay-color":"","overlay-opacity":"","overlay-gradient":""},"mobile":{"background-color":"","background-image":"","background-repeat":"repeat","background-position":"center center","background-size":"auto","background-attachment":"scroll","background-type":"","background-media":"","overlay-type":"","overlay-color":"","overlay-opacity":"","overlay-gradient":""}},"ast-content-background-meta":{"desktop":{"background-color":"var(--ast-global-color-5)","background-image":"","background-repeat":"repeat","background-position":"center center","background-size":"auto","background-attachment":"scroll","background-type":"","background-media":"","overlay-type":"","overlay-color":"","overlay-opacity":"","overlay-gradient":""},"tablet":{"background-color":"var(--ast-global-color-5)","background-image":"","background-repeat":"repeat","background-position":"center center","background-size":"auto","background-attachment":"scroll","background-type":"","background-media":"","overlay-type":"","overlay-color":"","overlay-opacity":"","overlay-gradient":""},"mobile":{"background-color":"var(--ast-global-color-5)","background-image":"","background-repeat":"repeat","background-position":"center center","background-size":"auto","background-attachment":"scroll","background-type":"","background-media":"","overlay-type":"","overlay-color":"","overlay-opacity":"","overlay-gradient":""}},"footnotes":""},"class_list":["post-9","page","type-page","status-publish","hentry"],"aioseo_notices":[],"_hostinger_reach_plugin_has_subscription_block":false,"_hostinger_reach_plugin_is_elementor":false,"uagb_featured_image_src":{"full":false,"thumbnail":false,"medium":false,"medium_large":false,"large":false,"1536x1536":false,"2048x2048":false,"trp-custom-language-flag":false},"uagb_author_info":{"display_name":"vanfina@gmail.com","author_link":"https:\/\/davidvan.ca\/fr\/author\/vanfinagmail-com\/"},"uagb_comment_info":0,"uagb_excerpt":"Financing solutions tailored to your needs REAL ESTATE INVESTING STRATEGY Most have a misunderstanding of the Financial Independence Retire Early (FIRE) concept, believing one needs to accumulate a portfolio of 100+ rental units to achieve it. You really only need 2 or 3 well-advised purchases to accelerate your retirement from 65 to 50 years old.&hellip;","_links":{"self":[{"href":"https:\/\/davidvan.ca\/fr\/wp-json\/wp\/v2\/pages\/9","targetHints":{"allow":["GET"]}}],"collection":[{"href":"https:\/\/davidvan.ca\/fr\/wp-json\/wp\/v2\/pages"}],"about":[{"href":"https:\/\/davidvan.ca\/fr\/wp-json\/wp\/v2\/types\/page"}],"author":[{"embeddable":true,"href":"https:\/\/davidvan.ca\/fr\/wp-json\/wp\/v2\/users\/1"}],"replies":[{"embeddable":true,"href":"https:\/\/davidvan.ca\/fr\/wp-json\/wp\/v2\/comments?post=9"}],"version-history":[{"count":8,"href":"https:\/\/davidvan.ca\/fr\/wp-json\/wp\/v2\/pages\/9\/revisions"}],"predecessor-version":[{"id":1195,"href":"https:\/\/davidvan.ca\/fr\/wp-json\/wp\/v2\/pages\/9\/revisions\/1195"}],"wp:attachment":[{"href":"https:\/\/davidvan.ca\/fr\/wp-json\/wp\/v2\/media?parent=9"}],"curies":[{"name":"wp","href":"https:\/\/api.w.org\/{rel}","templated":true}]}}